{"id":177,"date":"2024-01-27T21:40:04","date_gmt":"2024-01-27T20:40:04","guid":{"rendered":"https:\/\/syxwkff.cluster028.hosting.ovh.net\/?page_id=177"},"modified":"2024-02-12T14:43:46","modified_gmt":"2024-02-12T13:43:46","slug":"croisieres-en-caique","status":"publish","type":"page","link":"https:\/\/www.turquie-passion.com\/index.php\/croisieres-en-caique\/","title":{"rendered":"Votre Voyage Bleu en ca\u00efque priv\u00e9"},"content":{"rendered":"<h2><em>D\u00e9tente et repos de crique en lagon, paysages f\u00e9\u00e9riques, soleil, gastronomie, farniente et baignade seront au programme de cette croisi\u00e8re Eg\u00e9enne et M\u00e9diterran\u00e9enne.\u00a0 <\/em><em>Un capitaine et son \u00e9quipage aux \u00ab\u00a0petits soins\u00a0\u00bb, une cuisine locale et naturelle, villages de p\u00eacheurs, criques insolites&#8230;\u00a0 C&rsquo;est ce que nous vous proposons de vivre, \u00e0 bord d&rsquo;un ca\u00efque \/ go\u00e9lette \u00a0construits, selon la tradition des p\u00eacheurs d&rsquo;\u00e9ponges !<\/em><\/h2>\n","protected":false},"excerpt":{"rendered":"<p>D\u00e9tente et repos de crique en lagon, paysages f\u00e9\u00e9riques, soleil, gastronomie, farniente et baignade seront au programme de cette croisi\u00e8re Eg\u00e9enne et M\u00e9diterran\u00e9enne.\u00a0 Un capitaine et son \u00e9quipage aux \u00ab\u00a0petits soins\u00a0\u00bb, une cuisine locale et naturelle, villages de p\u00eacheurs, criques insolites&#8230;\u00a0 C&rsquo;est ce que nous vous proposons de vivre, \u00e0 bord d&rsquo;un ca\u00efque \/ go\u00e9lette &hellip; <\/p>\n<p class=\"link-more\"><a href=\"https:\/\/www.turquie-passion.com\/index.php\/croisieres-en-caique\/\" class=\"more-link\">Continuer la lecture<span class=\"screen-reader-text\"> de &laquo;&nbsp;Votre Voyage Bleu en ca\u00efque priv\u00e9&nbsp;&raquo;<\/span><\/a><\/p>\n","protected":false},"author":1,"featured_media":239,"parent":0,"menu_order":0,"comment_status":"closed","ping_status":"closed","template":"","meta":{"footnotes":""},"class_list":["post-177","page","type-page","status-publish","has-post-thumbnail","hentry"],"yoast_head":"<!-- This site is optimized with the Yoast SEO plugin v22.0 - https:\/\/yoast.com\/wordpress\/plugins\/seo\/ -->\n<title>Votre Voyage Bleu en ca\u00efque priv\u00e9 - Turquie Passion - premier r\u00e9ceptif francophone en turquie<\/title>\n<meta name=\"robots\" content=\"index, follow, max-snippet:-1, max-image-preview:large, max-video-preview:-1\" \/>\n<link rel=\"canonical\" href=\"https:\/\/www.turquie-passion.com\/index.php\/croisieres-en-caique\/\" \/>\n<meta property=\"og:locale\" content=\"fr_FR\" \/>\n<meta property=\"og:type\" content=\"article\" \/>\n<meta property=\"og:title\" content=\"Votre Voyage Bleu en ca\u00efque priv\u00e9 - Turquie Passion - premier r\u00e9ceptif francophone en turquie\" \/>\n<meta property=\"og:description\" content=\"D\u00e9tente et repos de crique en lagon, paysages f\u00e9\u00e9riques, soleil, gastronomie, farniente et baignade seront au programme de cette croisi\u00e8re Eg\u00e9enne et M\u00e9diterran\u00e9enne.\u00a0 Un capitaine et son \u00e9quipage aux \u00ab\u00a0petits soins\u00a0\u00bb, une cuisine locale et naturelle, villages de p\u00eacheurs, criques insolites&#8230;\u00a0 C&rsquo;est ce que nous vous proposons de vivre, \u00e0 bord d&rsquo;un ca\u00efque \/ go\u00e9lette &hellip; Continuer la lecture de &laquo;&nbsp;Votre Voyage Bleu en ca\u00efque priv\u00e9&nbsp;&raquo;\" \/>\n<meta property=\"og:url\" content=\"https:\/\/www.turquie-passion.com\/index.php\/croisieres-en-caique\/\" \/>\n<meta property=\"og:site_name\" content=\"Turquie Passion - premier r\u00e9ceptif francophone en turquie\" \/>\n<meta property=\"article:modified_time\" content=\"2024-02-12T13:43:46+00:00\" \/>\n<meta property=\"og:image\" content=\"https:\/\/www.turquie-passion.com\/wp-content\/uploads\/2024\/02\/GULET-2000_1200.jpg\" \/>\n\t<meta property=\"og:image:width\" content=\"2002\" \/>\n\t<meta property=\"og:image:height\" content=\"1200\" \/>\n\t<meta property=\"og:image:type\" content=\"image\/jpeg\" \/>\n<meta name=\"twitter:card\" content=\"summary_large_image\" \/>\n<meta name=\"twitter:label1\" content=\"Dur\u00e9e de lecture estim\u00e9e\" \/>\n\t<meta name=\"twitter:data1\" content=\"1 minute\" \/>\n<script type=\"application\/ld+json\" class=\"yoast-schema-graph\">{\"@context\":\"https:\/\/schema.org\",\"@graph\":[{\"@type\":\"WebPage\",\"@id\":\"https:\/\/www.turquie-passion.com\/index.php\/croisieres-en-caique\/\",\"url\":\"https:\/\/www.turquie-passion.com\/index.php\/croisieres-en-caique\/\",\"name\":\"Votre Voyage Bleu en ca\u00efque priv\u00e9 - Turquie Passion - premier r\u00e9ceptif francophone en turquie\",\"isPartOf\":{\"@id\":\"https:\/\/www.turquie-passion.com\/#website\"},\"datePublished\":\"2024-01-27T20:40:04+00:00\",\"dateModified\":\"2024-02-12T13:43:46+00:00\",\"breadcrumb\":{\"@id\":\"https:\/\/www.turquie-passion.com\/index.php\/croisieres-en-caique\/#breadcrumb\"},\"inLanguage\":\"fr-FR\",\"potentialAction\":[{\"@type\":\"ReadAction\",\"target\":[\"https:\/\/www.turquie-passion.com\/index.php\/croisieres-en-caique\/\"]}]},{\"@type\":\"BreadcrumbList\",\"@id\":\"https:\/\/www.turquie-passion.com\/index.php\/croisieres-en-caique\/#breadcrumb\",\"itemListElement\":[{\"@type\":\"ListItem\",\"position\":1,\"name\":\"Accueil\",\"item\":\"https:\/\/www.turquie-passion.com\/\"},{\"@type\":\"ListItem\",\"position\":2,\"name\":\"Votre Voyage Bleu en ca\u00efque priv\u00e9\"}]},{\"@type\":\"WebSite\",\"@id\":\"https:\/\/www.turquie-passion.com\/#website\",\"url\":\"https:\/\/www.turquie-passion.com\/\",\"name\":\"Turquie Passion - premier r\u00e9ceptif francophone en turquie\",\"description\":\"SINCE 1985\",\"potentialAction\":[{\"@type\":\"SearchAction\",\"target\":{\"@type\":\"EntryPoint\",\"urlTemplate\":\"https:\/\/www.turquie-passion.com\/?s={search_term_string}\"},\"query-input\":\"required name=search_term_string\"}],\"inLanguage\":\"fr-FR\"}]}<\/script>\n<!-- \/ Yoast SEO plugin. -->","yoast_head_json":{"title":"Votre Voyage Bleu en ca\u00efque priv\u00e9 - Turquie Passion - premier r\u00e9ceptif francophone en turquie","robots":{"index":"index","follow":"follow","max-snippet":"max-snippet:-1","max-image-preview":"max-image-preview:large","max-video-preview":"max-video-preview:-1"},"canonical":"https:\/\/www.turquie-passion.com\/index.php\/croisieres-en-caique\/","og_locale":"fr_FR","og_type":"article","og_title":"Votre Voyage Bleu en ca\u00efque priv\u00e9 - Turquie Passion - premier r\u00e9ceptif francophone en turquie","og_description":"D\u00e9tente et repos de crique en lagon, paysages f\u00e9\u00e9riques, soleil, gastronomie, farniente et baignade seront au programme de cette croisi\u00e8re Eg\u00e9enne et M\u00e9diterran\u00e9enne.\u00a0 Un capitaine et son \u00e9quipage aux \u00ab\u00a0petits soins\u00a0\u00bb, une cuisine locale et naturelle, villages de p\u00eacheurs, criques insolites&#8230;\u00a0 C&rsquo;est ce que nous vous proposons de vivre, \u00e0 bord d&rsquo;un ca\u00efque \/ go\u00e9lette &hellip; Continuer la lecture de &laquo;&nbsp;Votre Voyage Bleu en ca\u00efque priv\u00e9&nbsp;&raquo;","og_url":"https:\/\/www.turquie-passion.com\/index.php\/croisieres-en-caique\/","og_site_name":"Turquie Passion - premier r\u00e9ceptif francophone en turquie","article_modified_time":"2024-02-12T13:43:46+00:00","og_image":[{"width":2002,"height":1200,"url":"https:\/\/www.turquie-passion.com\/wp-content\/uploads\/2024\/02\/GULET-2000_1200.jpg","type":"image\/jpeg"}],"twitter_card":"summary_large_image","twitter_misc":{"Dur\u00e9e de lecture estim\u00e9e":"1 minute"},"schema":{"@context":"https:\/\/schema.org","@graph":[{"@type":"WebPage","@id":"https:\/\/www.turquie-passion.com\/index.php\/croisieres-en-caique\/","url":"https:\/\/www.turquie-passion.com\/index.php\/croisieres-en-caique\/","name":"Votre Voyage Bleu en ca\u00efque priv\u00e9 - Turquie Passion - premier r\u00e9ceptif francophone en turquie","isPartOf":{"@id":"https:\/\/www.turquie-passion.com\/#website"},"datePublished":"2024-01-27T20:40:04+00:00","dateModified":"2024-02-12T13:43:46+00:00","breadcrumb":{"@id":"https:\/\/www.turquie-passion.com\/index.php\/croisieres-en-caique\/#breadcrumb"},"inLanguage":"fr-FR","potentialAction":[{"@type":"ReadAction","target":["https:\/\/www.turquie-passion.com\/index.php\/croisieres-en-caique\/"]}]},{"@type":"BreadcrumbList","@id":"https:\/\/www.turquie-passion.com\/index.php\/croisieres-en-caique\/#breadcrumb","itemListElement":[{"@type":"ListItem","position":1,"name":"Accueil","item":"https:\/\/www.turquie-passion.com\/"},{"@type":"ListItem","position":2,"name":"Votre Voyage Bleu en ca\u00efque priv\u00e9"}]},{"@type":"WebSite","@id":"https:\/\/www.turquie-passion.com\/#website","url":"https:\/\/www.turquie-passion.com\/","name":"Turquie Passion - premier r\u00e9ceptif francophone en turquie","description":"SINCE 1985","potentialAction":[{"@type":"SearchAction","target":{"@type":"EntryPoint","urlTemplate":"https:\/\/www.turquie-passion.com\/?s={search_term_string}"},"query-input":"required name=search_term_string"}],"inLanguage":"fr-FR"}]}},"_links":{"self":[{"href":"https:\/\/www.turquie-passion.com\/index.php\/wp-json\/wp\/v2\/pages\/177","targetHints":{"allow":["GET"]}}],"collection":[{"href":"https:\/\/www.turquie-passion.com\/index.php\/wp-json\/wp\/v2\/pages"}],"about":[{"href":"https:\/\/www.turquie-passion.com\/index.php\/wp-json\/wp\/v2\/types\/page"}],"author":[{"embeddable":true,"href":"https:\/\/www.turquie-passion.com\/index.php\/wp-json\/wp\/v2\/users\/1"}],"replies":[{"embeddable":true,"href":"https:\/\/www.turquie-passion.com\/index.php\/wp-json\/wp\/v2\/comments?post=177"}],"version-history":[{"count":11,"href":"https:\/\/www.turquie-passion.com\/index.php\/wp-json\/wp\/v2\/pages\/177\/revisions"}],"predecessor-version":[{"id":322,"href":"https:\/\/www.turquie-passion.com\/index.php\/wp-json\/wp\/v2\/pages\/177\/revisions\/322"}],"wp:featuredmedia":[{"embeddable":true,"href":"https:\/\/www.turquie-passion.com\/index.php\/wp-json\/wp\/v2\/media\/239"}],"wp:attachment":[{"href":"https:\/\/www.turquie-passion.com\/index.php\/wp-json\/wp\/v2\/media?parent=177"}],"curies":[{"name":"wp","href":"https:\/\/api.w.org\/{rel}","templated":true}]}}